{"id":2902,"date":"2023-10-27T15:23:27","date_gmt":"2023-10-27T13:23:27","guid":{"rendered":"https:\/\/europeanschool.be\/?page_id=2902"},"modified":"2026-03-19T08:54:18","modified_gmt":"2026-03-19T07:54:18","slug":"restaurant-scolaire","status":"publish","type":"page","link":"https:\/\/www.europeanschool.be\/fr\/restaurant-scolaire\/","title":{"rendered":"Restaurant Scolaire"},"content":{"rendered":"\t\t<div data-elementor-type=\"wp-page\" data-elementor-id=\"2902\" class=\"elementor elementor-2902\" data-elementor-post-type=\"page\">\n\t\t\t\t<div class=\"elementor-element elementor-element-40b77ea2 e-flex e-con-boxed e-con e-parent\" data-id=\"40b77ea2\" data-element_type=\"container\" data-e-type=\"container\" data-settings=\"{&quot;background_background&quot;:&quot;classic&quot;}\">\n\t\t\t\t\t<div class=\"e-con-inner\">\n\t\t<div class=\"elementor-element elementor-element-1c042d98 e-flex e-con-boxed e-con e-child\" data-id=\"1c042d98\" data-element_type=\"container\" data-e-type=\"container\">\n\t\t\t\t\t<div class=\"e-con-inner\">\n\t\t<div class=\"elementor-element elementor-element-16491c1 e-flex e-con-boxed e-con e-child\" data-id=\"16491c1\" data-element_type=\"container\" data-e-type=\"container\">\n\t\t\t\t\t<div class=\"e-con-inner\">\n\t\t\t\t<div class=\"elementor-element elementor-element-3aeeb848 elementor-widget elementor-widget-heading\" data-id=\"3aeeb848\" data-element_type=\"widget\" data-e-type=\"widget\" data-widget_type=\"heading.default\">\n\t\t\t\t<div class=\"elementor-widget-container\">\n\t\t\t\t\t<h1 class=\"elementor-heading-title elementor-size-default\">Restaurant de l'\u00c9cole<\/h1>\t\t\t\t<\/div>\n\t\t\t\t<\/div>\n\t\t\t\t\t<\/div>\n\t\t\t\t<\/div>\n\t\t<div class=\"elementor-element elementor-element-24398ae e-flex e-con-boxed e-con e-child\" data-id=\"24398ae\" data-element_type=\"container\" data-e-type=\"container\">\n\t\t\t\t\t<div class=\"e-con-inner\">\n\t\t\t\t<div class=\"elementor-element elementor-element-5b3a0d4 ariane elementor-widget elementor-widget-shortcode\" data-id=\"5b3a0d4\" data-element_type=\"widget\" data-e-type=\"widget\" data-widget_type=\"shortcode.default\">\n\t\t\t\t<div class=\"elementor-widget-container\">\n\t\t\t\t\t\t\t<div class=\"elementor-shortcode\"><nav aria-label=\"breadcrumbs\" class=\"rank-math-breadcrumb\"><p><span class=\"last\">Accueil<\/span><\/p><\/nav><\/div>\n\t\t\t\t\t\t<\/div>\n\t\t\t\t<\/div>\n\t\t\t\t\t<\/div>\n\t\t\t\t<\/div>\n\t\t\t\t\t<\/div>\n\t\t\t\t<\/div>\n\t\t\t\t\t<\/div>\n\t\t\t\t<\/div>\n\t\t<div class=\"elementor-element elementor-element-a56b5ad e-flex e-con-boxed e-con e-parent\" data-id=\"a56b5ad\" data-element_type=\"container\" data-e-type=\"container\" data-settings=\"{&quot;shape_divider_top&quot;:&quot;split&quot;,&quot;shape_divider_bottom&quot;:&quot;split&quot;,&quot;shape_divider_bottom_negative&quot;:&quot;yes&quot;}\">\n\t\t\t\t\t<div class=\"e-con-inner\">\n\t\t\t\t<div class=\"elementor-shape elementor-shape-top\" aria-hidden=\"true\" data-negative=\"false\">\n\t\t\t<svg xmlns=\"http:\/\/www.w3.org\/2000\/svg\" viewBox=\"0 0 1000 20\" preserveAspectRatio=\"none\">\n\t<path class=\"elementor-shape-fill\" d=\"M0,0v3c0,0,393.8,0,483.4,0c9.2,0,16.6,7.4,16.6,16.6c0-9.1,7.4-16.6,16.6-16.6C606.2,3,1000,3,1000,3V0H0z\"\/>\n<\/svg>\t\t<\/div>\n\t\t\t\t<div class=\"elementor-shape elementor-shape-bottom\" aria-hidden=\"true\" data-negative=\"true\">\n\t\t\t<svg xmlns=\"http:\/\/www.w3.org\/2000\/svg\" viewBox=\"0 0 1000 20\" preserveAspectRatio=\"none\">\n\t<path class=\"elementor-shape-fill\" d=\"M519.8,0.2c-11,0-19.8,8.5-19.8,19c0-10.4-8.8-19-19.8-19L0,0v20h1000V0.2H519.8z\"\/>\n<\/svg>\t\t<\/div>\n\t\t<div class=\"elementor-element elementor-element-48661c6 e-flex e-con-boxed e-con e-child\" data-id=\"48661c6\" data-element_type=\"container\" data-e-type=\"container\">\n\t\t\t\t\t<div class=\"e-con-inner\">\n\t\t<div class=\"elementor-element elementor-element-c14d8e5 e-flex e-con-boxed e-con e-child\" data-id=\"c14d8e5\" data-element_type=\"container\" data-e-type=\"container\">\n\t\t\t\t\t<div class=\"e-con-inner\">\n\t\t\t\t<div class=\"elementor-element elementor-element-5706da6 elementor-arrows-position-inside elementor-widget elementor-widget-image-carousel\" data-id=\"5706da6\" data-element_type=\"widget\" data-e-type=\"widget\" data-settings=\"{&quot;slides_to_show&quot;:&quot;1&quot;,&quot;navigation&quot;:&quot;arrows&quot;,&quot;autoplay&quot;:&quot;yes&quot;,&quot;pause_on_hover&quot;:&quot;yes&quot;,&quot;pause_on_interaction&quot;:&quot;yes&quot;,&quot;autoplay_speed&quot;:5000,&quot;infinite&quot;:&quot;yes&quot;,&quot;effect&quot;:&quot;slide&quot;,&quot;speed&quot;:500}\" data-widget_type=\"image-carousel.default\">\n\t\t\t\t<div class=\"elementor-widget-container\">\n\t\t\t\t\t\t\t<div class=\"elementor-image-carousel-wrapper swiper\" role=\"region\" aria-roledescription=\"carousel\" aria-label=\"Image Carousel\" dir=\"ltr\">\n\t\t\t<div class=\"elementor-image-carousel swiper-wrapper\" aria-live=\"off\">\n\t\t\t\t\t\t\t\t<div class=\"swiper-slide\" role=\"group\" aria-roledescription=\"slide\" aria-label=\"1 sur 2\"><figure class=\"swiper-slide-inner\"><img decoding=\"async\" class=\"swiper-slide-image\" src=\"https:\/\/www.europeanschool.be\/wp-content\/uploads\/elementor\/thumbs\/3H9A0128-scaled-rga3ok3m3814upoa6hnxwisit5hlivn8zobxosyt28.jpg\" alt=\"Restaurant Scolaire\" \/><\/figure><\/div><div class=\"swiper-slide\" role=\"group\" aria-roledescription=\"slide\" aria-label=\"2 sur 2\"><figure class=\"swiper-slide-inner\"><img decoding=\"async\" class=\"swiper-slide-image\" src=\"https:\/\/www.europeanschool.be\/wp-content\/uploads\/elementor\/thumbs\/3H9A0189-1-scaled-rga3omx4nq4ztjk6q0vtm02wlb3p5yyg02ae4mumjk.jpg\" alt=\"Restaurant Scolaire\" \/><\/figure><\/div>\t\t\t<\/div>\n\t\t\t\t\t\t\t\t\t\t\t\t<div class=\"elementor-swiper-button elementor-swiper-button-prev\" role=\"button\" tabindex=\"0\">\n\t\t\t\t\t\t<i aria-hidden=\"true\" class=\"eicon-chevron-left\"><\/i>\t\t\t\t\t<\/div>\n\t\t\t\t\t<div class=\"elementor-swiper-button elementor-swiper-button-next\" role=\"button\" tabindex=\"0\">\n\t\t\t\t\t\t<i aria-hidden=\"true\" class=\"eicon-chevron-right\"><\/i>\t\t\t\t\t<\/div>\n\t\t\t\t\n\t\t\t\t\t\t\t\t\t<\/div>\n\t\t\t\t\t\t<\/div>\n\t\t\t\t<\/div>\n\t\t\t\t\t<\/div>\n\t\t\t\t<\/div>\n\t\t<div class=\"elementor-element elementor-element-b94ee51 e-flex e-con-boxed e-con e-child\" data-id=\"b94ee51\" data-element_type=\"container\" data-e-type=\"container\">\n\t\t\t\t\t<div class=\"e-con-inner\">\n\t\t\t\t<div class=\"elementor-element elementor-element-c34a1ea elementor-widget elementor-widget-heading\" data-id=\"c34a1ea\" data-element_type=\"widget\" data-e-type=\"widget\" data-widget_type=\"heading.default\">\n\t\t\t\t<div class=\"elementor-widget-container\">\n\t\t\t\t\t<h2 class=\"elementor-heading-title elementor-size-default\">BUFFET D\u00c9JEUNER : Des repas scolaires sains\n<\/h2>\t\t\t\t<\/div>\n\t\t\t\t<\/div>\n\t\t\t\t<div class=\"elementor-element elementor-element-57eacc5 elementor-widget elementor-widget-text-editor\" data-id=\"57eacc5\" data-element_type=\"widget\" data-e-type=\"widget\" data-widget_type=\"text-editor.default\">\n\t\t\t\t<div class=\"elementor-widget-container\">\n\t\t\t\t\t\t\t\t\t<ul><li>Les chefs d\u2019EEBA proposent chaque jour des <strong>d\u00e9jeuners frais<\/strong>, sains et \u00e9quilibr\u00e9s pour tous les membres de la communaut\u00e9 scolaire.<\/li><li>Notre <strong>restaurant scolaire sain<\/strong> se donne pour mission de proposer une offre alimentaire saine aux \u00e9l\u00e8ves et aux enseignants dans un environnement agr\u00e9able et d\u00e9contract\u00e9, en assurant une nutrition optimale gr\u00e2ce \u00e0 des <strong>d\u00e9jeuners scolaires europ\u00e9ens sains<\/strong> pour l\u2019ensemble de la communaut\u00e9 tout en permettant \u00e0 chacun de partager un repas convivial entre amis.<\/li><\/ul>\t\t\t\t\t\t\t\t<\/div>\n\t\t\t\t<\/div>\n\t\t\t\t\t<\/div>\n\t\t\t\t<\/div>\n\t\t\t\t\t<\/div>\n\t\t\t\t<\/div>\n\t\t\t\t\t<\/div>\n\t\t\t\t<\/div>\n\t\t<div class=\"elementor-element elementor-element-9796c1f e-flex e-con-boxed e-con e-parent\" data-id=\"9796c1f\" data-element_type=\"container\" data-e-type=\"container\" data-settings=\"{&quot;shape_divider_top&quot;:&quot;split&quot;,&quot;background_background&quot;:&quot;gradient&quot;,&quot;shape_divider_bottom&quot;:&quot;split&quot;,&quot;shape_divider_bottom_negative&quot;:&quot;yes&quot;}\">\n\t\t\t\t\t<div class=\"e-con-inner\">\n\t\t\t\t<div class=\"elementor-shape elementor-shape-top\" aria-hidden=\"true\" data-negative=\"false\">\n\t\t\t<svg xmlns=\"http:\/\/www.w3.org\/2000\/svg\" viewBox=\"0 0 1000 20\" preserveAspectRatio=\"none\">\n\t<path class=\"elementor-shape-fill\" d=\"M0,0v3c0,0,393.8,0,483.4,0c9.2,0,16.6,7.4,16.6,16.6c0-9.1,7.4-16.6,16.6-16.6C606.2,3,1000,3,1000,3V0H0z\"\/>\n<\/svg>\t\t<\/div>\n\t\t\t\t<div class=\"elementor-shape elementor-shape-bottom\" aria-hidden=\"true\" data-negative=\"true\">\n\t\t\t<svg xmlns=\"http:\/\/www.w3.org\/2000\/svg\" viewBox=\"0 0 1000 20\" preserveAspectRatio=\"none\">\n\t<path class=\"elementor-shape-fill\" d=\"M519.8,0.2c-11,0-19.8,8.5-19.8,19c0-10.4-8.8-19-19.8-19L0,0v20h1000V0.2H519.8z\"\/>\n<\/svg>\t\t<\/div>\n\t\t<div class=\"elementor-element elementor-element-5fc33fb e-flex e-con-boxed e-con e-child\" data-id=\"5fc33fb\" data-element_type=\"container\" data-e-type=\"container\">\n\t\t\t\t\t<div class=\"e-con-inner\">\n\t\t\t\t<div class=\"elementor-element elementor-element-9d4528a elementor-widget__width-initial elementor-invisible elementor-widget elementor-widget-image\" data-id=\"9d4528a\" data-element_type=\"widget\" data-e-type=\"widget\" data-settings=\"{&quot;_animation&quot;:&quot;fadeInLeft&quot;}\" data-widget_type=\"image.default\">\n\t\t\t\t<div class=\"elementor-widget-container\">\n\t\t\t\t\t\t\t\t\t\t\t\t\t\t\t<img fetchpriority=\"high\" decoding=\"async\" width=\"800\" height=\"534\" src=\"https:\/\/www.europeanschool.be\/wp-content\/uploads\/2023\/12\/3H9A0125-1024x683.jpg\" class=\"attachment-large size-large wp-image-4382\" alt=\"Restaurant Scolaire\" srcset=\"https:\/\/www.europeanschool.be\/wp-content\/uploads\/2023\/12\/3H9A0125-1024x683.jpg 1024w, https:\/\/www.europeanschool.be\/wp-content\/uploads\/2023\/12\/3H9A0125-300x200.jpg 300w, https:\/\/www.europeanschool.be\/wp-content\/uploads\/2023\/12\/3H9A0125-768x512.jpg 768w, https:\/\/www.europeanschool.be\/wp-content\/uploads\/2023\/12\/3H9A0125-1536x1024.jpg 1536w, https:\/\/www.europeanschool.be\/wp-content\/uploads\/2023\/12\/3H9A0125-2048x1365.jpg 2048w\" sizes=\"(max-width: 800px) 100vw, 800px\" \/>\t\t\t\t\t\t\t\t\t\t\t\t\t\t\t<\/div>\n\t\t\t\t<\/div>\n\t\t<div class=\"elementor-element elementor-element-2cb2a3d e-flex e-con-boxed e-con e-child\" data-id=\"2cb2a3d\" data-element_type=\"container\" data-e-type=\"container\">\n\t\t\t\t\t<div class=\"e-con-inner\">\n\t\t\t\t<div class=\"elementor-element elementor-element-2696012 elementor-widget elementor-widget-heading\" data-id=\"2696012\" data-element_type=\"widget\" data-e-type=\"widget\" data-widget_type=\"heading.default\">\n\t\t\t\t<div class=\"elementor-widget-container\">\n\t\t\t\t\t<h2 class=\"elementor-heading-title elementor-size-default\">BAR A SALADE (salad bar)<\/h2>\t\t\t\t<\/div>\n\t\t\t\t<\/div>\n\t\t\t\t<div class=\"elementor-element elementor-element-430b9a9 elementor-widget elementor-widget-text-editor\" data-id=\"430b9a9\" data-element_type=\"widget\" data-e-type=\"widget\" data-widget_type=\"text-editor.default\">\n\t\t\t\t<div class=\"elementor-widget-container\">\n\t\t\t\t\t\t\t\t\t<ul><li>L\u2019\u00e9quipe du <strong>restaurant de l&rsquo;\u00e9cole<\/strong> pr\u00e9pare des repas enti\u00e8rement faits maison, en utilisant dans la mesure du possible des ingr\u00e9dients locaux et de saison s&rsquo;inscrivant dans la d\u00e9marche des <strong>repas scolaires bio en Belgique<\/strong>, dans la confection de menus vari\u00e9s, frais et \u00e9quilibr\u00e9s.<\/li><li>Les \u00e9l\u00e8ves peuvent choisir quotidiennement entre le <strong>lunch buffet,<\/strong> qui propose un menu du jour et un choix v\u00e9g\u00e9tarien, et un <strong>salad bar<\/strong> offrant une large vari\u00e9t\u00e9 de l\u00e9gumes frais. Une soupe et des fruits sont propos\u00e9s tous les jours.\u00a0<\/li><\/ul>\t\t\t\t\t\t\t\t<\/div>\n\t\t\t\t<\/div>\n\t\t\t\t\t<\/div>\n\t\t\t\t<\/div>\n\t\t\t\t\t<\/div>\n\t\t\t\t<\/div>\n\t\t\t\t\t<\/div>\n\t\t\t\t<\/div>\n\t\t<div class=\"elementor-element elementor-element-3c02a64 e-flex e-con-boxed e-con e-parent\" data-id=\"3c02a64\" data-element_type=\"container\" data-e-type=\"container\" data-settings=\"{&quot;shape_divider_top&quot;:&quot;split&quot;,&quot;shape_divider_bottom&quot;:&quot;split&quot;,&quot;shape_divider_bottom_negative&quot;:&quot;yes&quot;}\">\n\t\t\t\t\t<div class=\"e-con-inner\">\n\t\t\t\t<div class=\"elementor-shape elementor-shape-top\" aria-hidden=\"true\" data-negative=\"false\">\n\t\t\t<svg xmlns=\"http:\/\/www.w3.org\/2000\/svg\" viewBox=\"0 0 1000 20\" preserveAspectRatio=\"none\">\n\t<path class=\"elementor-shape-fill\" d=\"M0,0v3c0,0,393.8,0,483.4,0c9.2,0,16.6,7.4,16.6,16.6c0-9.1,7.4-16.6,16.6-16.6C606.2,3,1000,3,1000,3V0H0z\"\/>\n<\/svg>\t\t<\/div>\n\t\t\t\t<div class=\"elementor-shape elementor-shape-bottom\" aria-hidden=\"true\" data-negative=\"true\">\n\t\t\t<svg xmlns=\"http:\/\/www.w3.org\/2000\/svg\" viewBox=\"0 0 1000 20\" preserveAspectRatio=\"none\">\n\t<path class=\"elementor-shape-fill\" d=\"M519.8,0.2c-11,0-19.8,8.5-19.8,19c0-10.4-8.8-19-19.8-19L0,0v20h1000V0.2H519.8z\"\/>\n<\/svg>\t\t<\/div>\n\t\t<div class=\"elementor-element elementor-element-5c334f7 e-flex e-con-boxed e-con e-child\" data-id=\"5c334f7\" data-element_type=\"container\" data-e-type=\"container\">\n\t\t\t\t\t<div class=\"e-con-inner\">\n\t\t<div class=\"elementor-element elementor-element-fa9b613 e-flex e-con-boxed e-con e-child\" data-id=\"fa9b613\" data-element_type=\"container\" data-e-type=\"container\">\n\t\t\t\t\t<div class=\"e-con-inner\">\n\t\t\t\t<div class=\"elementor-element elementor-element-13a55d6 elementor-invisible elementor-widget elementor-widget-image\" data-id=\"13a55d6\" data-element_type=\"widget\" data-e-type=\"widget\" data-settings=\"{&quot;_animation&quot;:&quot;fadeInRight&quot;}\" data-widget_type=\"image.default\">\n\t\t\t\t<div class=\"elementor-widget-container\">\n\t\t\t\t\t\t\t\t\t\t\t\t\t\t\t<img decoding=\"async\" width=\"500\" height=\"350\" src=\"https:\/\/www.europeanschool.be\/wp-content\/uploads\/2023\/11\/specialdiet-500x350-1.jpg\" class=\"attachment-large size-large wp-image-3645\" alt=\"Restaurant Scolaire\" srcset=\"https:\/\/www.europeanschool.be\/wp-content\/uploads\/2023\/11\/specialdiet-500x350-1.jpg 500w, https:\/\/www.europeanschool.be\/wp-content\/uploads\/2023\/11\/specialdiet-500x350-1-300x210.jpg 300w\" sizes=\"(max-width: 500px) 100vw, 500px\" \/>\t\t\t\t\t\t\t\t\t\t\t\t\t\t\t<\/div>\n\t\t\t\t<\/div>\n\t\t\t\t\t<\/div>\n\t\t\t\t<\/div>\n\t\t<div class=\"elementor-element elementor-element-ec374a0 e-flex e-con-boxed e-con e-child\" data-id=\"ec374a0\" data-element_type=\"container\" data-e-type=\"container\">\n\t\t\t\t\t<div class=\"e-con-inner\">\n\t\t\t\t<div class=\"elementor-element elementor-element-12b247d elementor-widget elementor-widget-heading\" data-id=\"12b247d\" data-element_type=\"widget\" data-e-type=\"widget\" data-widget_type=\"heading.default\">\n\t\t\t\t<div class=\"elementor-widget-container\">\n\t\t\t\t\t<h2 class=\"elementor-heading-title elementor-size-default\">Regime sp\u00e9cifique <\/h2>\t\t\t\t<\/div>\n\t\t\t\t<\/div>\n\t\t\t\t<div class=\"elementor-element elementor-element-c382727 elementor-widget elementor-widget-text-editor\" data-id=\"c382727\" data-element_type=\"widget\" data-e-type=\"widget\" data-widget_type=\"text-editor.default\">\n\t\t\t\t<div class=\"elementor-widget-container\">\n\t\t\t\t\t\t\t\t\t<p>Le restaurant scolaire propose \u00e9galement sur demande des menus personnalis\u00e9s pour les enfants qui suivent un r\u00e9gime sp\u00e9cifique pour des motifs religieux, en raison de conditions de sant\u00e9 particuli\u00e8res ou en cas d\u2019intol\u00e9rances et d\u2019allergies alimentaires.<\/p>\t\t\t\t\t\t\t\t<\/div>\n\t\t\t\t<\/div>\n\t\t\t\t\t<\/div>\n\t\t\t\t<\/div>\n\t\t\t\t\t<\/div>\n\t\t\t\t<\/div>\n\t\t\t\t\t<\/div>\n\t\t\t\t<\/div>\n\t\t\t\t<\/div>\n\t\t","protected":false},"excerpt":{"rendered":"<p>Restaurant de l&rsquo;\u00c9cole BUFFET D\u00c9JEUNER : Des repas scolaires sains Les chefs d\u2019EEBA proposent chaque jour des d\u00e9jeuners frais, sains et \u00e9quilibr\u00e9s pour tous les membres de la communaut\u00e9 scolaire. Notre restaurant scolaire sain se donne pour mission de proposer une offre alimentaire saine aux \u00e9l\u00e8ves et aux enseignants dans un environnement agr\u00e9able et d\u00e9contract\u00e9, [&hellip;]<\/p>\n","protected":false},"author":1,"featured_media":0,"parent":0,"menu_order":0,"comment_status":"closed","ping_status":"closed","template":"","meta":{"_acf_changed":false,"footnotes":""},"class_list":["post-2902","page","type-page","status-publish","hentry"],"acf":[],"_links":{"self":[{"href":"https:\/\/www.europeanschool.be\/fr\/wp-json\/wp\/v2\/pages\/2902","targetHints":{"allow":["GET"]}}],"collection":[{"href":"https:\/\/www.europeanschool.be\/fr\/wp-json\/wp\/v2\/pages"}],"about":[{"href":"https:\/\/www.europeanschool.be\/fr\/wp-json\/wp\/v2\/types\/page"}],"author":[{"embeddable":true,"href":"https:\/\/www.europeanschool.be\/fr\/wp-json\/wp\/v2\/users\/1"}],"replies":[{"embeddable":true,"href":"https:\/\/www.europeanschool.be\/fr\/wp-json\/wp\/v2\/comments?post=2902"}],"version-history":[{"count":90,"href":"https:\/\/www.europeanschool.be\/fr\/wp-json\/wp\/v2\/pages\/2902\/revisions"}],"predecessor-version":[{"id":14634,"href":"https:\/\/www.europeanschool.be\/fr\/wp-json\/wp\/v2\/pages\/2902\/revisions\/14634"}],"wp:attachment":[{"href":"https:\/\/www.europeanschool.be\/fr\/wp-json\/wp\/v2\/media?parent=2902"}],"curies":[{"name":"wp","href":"https:\/\/api.w.org\/{rel}","templated":true}]}}