{"id":23,"date":"2023-10-04T15:50:37","date_gmt":"2023-10-04T13:50:37","guid":{"rendered":"https:\/\/europeanschool.be\/?page_id=23"},"modified":"2026-03-13T13:40:30","modified_gmt":"2026-03-13T12:40:30","slug":"carriere","status":"publish","type":"page","link":"https:\/\/www.europeanschool.be\/fr\/carriere\/","title":{"rendered":"Carri\u00e8re"},"content":{"rendered":"\t\t<div data-elementor-type=\"wp-page\" data-elementor-id=\"23\" class=\"elementor elementor-23\" data-elementor-post-type=\"page\">\n\t\t\t\t<div class=\"elementor-element elementor-element-5071c72 e-flex e-con-boxed e-con e-parent\" data-id=\"5071c72\" data-element_type=\"container\" data-e-type=\"container\" data-settings=\"{&quot;background_background&quot;:&quot;classic&quot;}\">\n\t\t\t\t\t<div class=\"e-con-inner\">\n\t\t<div class=\"elementor-element elementor-element-4417a4a e-flex e-con-boxed e-con e-child\" data-id=\"4417a4a\" data-element_type=\"container\" data-e-type=\"container\">\n\t\t\t\t\t<div class=\"e-con-inner\">\n\t\t\t\t<div class=\"elementor-element elementor-element-3aa9c07 elementor-widget elementor-widget-heading\" data-id=\"3aa9c07\" data-element_type=\"widget\" data-e-type=\"widget\" data-widget_type=\"heading.default\">\n\t\t\t\t<div class=\"elementor-widget-container\">\n\t\t\t\t\t<h1 class=\"elementor-heading-title elementor-size-default\">Offres d'emploi \u00e0 l'\u00c9cole europ\u00e9enne : Rejoignez notre \u00e9quipe<\/h1>\t\t\t\t<\/div>\n\t\t\t\t<\/div>\n\t\t\t\t\t<\/div>\n\t\t\t\t<\/div>\n\t\t\t\t\t<\/div>\n\t\t\t\t<\/div>\n\t\t<div class=\"elementor-element elementor-element-e744dcb e-flex e-con-boxed e-con e-parent\" data-id=\"e744dcb\" data-element_type=\"container\" data-e-type=\"container\" data-settings=\"{&quot;background_background&quot;:&quot;gradient&quot;}\">\n\t\t\t\t\t<div class=\"e-con-inner\">\n\t\t<div class=\"elementor-element elementor-element-1ecbdb6 e-con-full e-flex e-con e-child\" data-id=\"1ecbdb6\" data-element_type=\"container\" data-e-type=\"container\">\n\t\t\t\t<div class=\"elementor-element elementor-element-81e4639 elementor-widget elementor-widget-heading\" data-id=\"81e4639\" data-element_type=\"widget\" data-e-type=\"widget\" data-widget_type=\"heading.default\">\n\t\t\t\t<div class=\"elementor-widget-container\">\n\t\t\t\t\t<h2 class=\"elementor-heading-title elementor-size-default\">Nos opportunit\u00e9s de travail <\/h2>\t\t\t\t<\/div>\n\t\t\t\t<\/div>\n\t\t\t\t<div class=\"elementor-element elementor-element-58c8894 postes elementor-widget elementor-widget-text-editor\" data-id=\"58c8894\" data-element_type=\"widget\" data-e-type=\"widget\" data-widget_type=\"text-editor.default\">\n\t\t\t\t<div class=\"elementor-widget-container\">\n\t\t\t\t\t\t\t\t\t<p>D\u00e9couvrez nos <b data-path-to-node=\"3\" data-index-in-node=\"14\">offres d&#8217;emploi \u00e0 l&rsquo;\u00c9cole europ\u00e9enne<\/b> de Bruxelles-Argenteuil (EEBA). En tant qu&rsquo;<b data-path-to-node=\"3\" data-index-in-node=\"94\">\u00e9cole internationale<\/b> de premier plan, nous sommes r\u00e9guli\u00e8rement \u00e0 la recherche de nouveaux talents pour enrichir notre \u00e9quipe p\u00e9dagogique. Si vous recherchez des <b data-path-to-node=\"3\" data-index-in-node=\"256\">offres d&#8217;emploi d&rsquo;enseignants \u00e0 Bruxelles<\/b> ou des opportunit\u00e9s de <b data-path-to-node=\"3\" data-index-in-node=\"321\">recrutement dans les \u00e9coles europ\u00e9ennes<\/b>, vous \u00eates au bon endroit.<\/p><p>Pour postuler en tant qu\u2019enseignant \u00e0 l\u2019EEBA, un dipl\u00f4me d\u2019enseignement est obligatoire (ex : AESS, CAPES, PGCE). Veuillez envoyer votre curriculum et votre lettre de motivation \u00e0 jobs@eeba.be en indiquant dans le titre le poste pour lequel vous postulez. Toute autre information plus sensible (dipl\u00f4mes, notes, <span class=\"citation-1185 citation-1186 citation-end-1186\">casier judiciaire, etc.) ne doit pas \u00eatre envoy\u00e9e dans un premier temps. Ces informations seront demand\u00e9es en cas de s\u00e9lection pour un entretien.<\/span><\/p>\t\t\t\t\t\t\t\t<\/div>\n\t\t\t\t<\/div>\n\t\t\t\t<\/div>\n\t\t\t\t\t<\/div>\n\t\t\t\t<\/div>\n\t\t<div class=\"elementor-element elementor-element-6578b4a e-flex e-con-boxed e-con e-parent\" data-id=\"6578b4a\" data-element_type=\"container\" data-e-type=\"container\">\n\t\t\t\t\t<div class=\"e-con-inner\">\n\t\t<div class=\"elementor-element elementor-element-b71686f e-flex e-con-boxed e-con e-child\" data-id=\"b71686f\" data-element_type=\"container\" data-e-type=\"container\">\n\t\t\t\t\t<div class=\"e-con-inner\">\n\t\t\t\t<div class=\"elementor-element elementor-element-45ad80b elementor-widget elementor-widget-heading\" data-id=\"45ad80b\" data-element_type=\"widget\" data-e-type=\"widget\" data-widget_type=\"heading.default\">\n\t\t\t\t<div class=\"elementor-widget-container\">\n\t\t\t\t\t<h2 class=\"elementor-heading-title elementor-size-default\">Poste(s)<\/h2>\t\t\t\t<\/div>\n\t\t\t\t<\/div>\n\t\t\t\t\t<\/div>\n\t\t\t\t<\/div>\n\t\t\t\t\t<\/div>\n\t\t\t\t<\/div>\n\t\t<div class=\"elementor-element elementor-element-e2122dd e-flex e-con-boxed e-con e-parent\" data-id=\"e2122dd\" data-element_type=\"container\" data-e-type=\"container\">\n\t\t\t\t\t<div class=\"e-con-inner\">\n\t\t<div class=\"elementor-element elementor-element-8fc9e99 e-flex e-con-boxed e-con e-child\" data-id=\"8fc9e99\" data-element_type=\"container\" data-e-type=\"container\">\n\t\t\t\t\t<div class=\"e-con-inner\">\n\t\t\t\t<div class=\"elementor-element elementor-element-febb2ee elementor-widget elementor-widget-image\" data-id=\"febb2ee\" data-element_type=\"widget\" data-e-type=\"widget\" data-widget_type=\"image.default\">\n\t\t\t\t<div class=\"elementor-widget-container\">\n\t\t\t\t\t\t\t\t\t\t\t\t\t\t\t<img decoding=\"async\" width=\"200\" height=\"109\" src=\"https:\/\/www.europeanschool.be\/wp-content\/uploads\/2023\/10\/logo1tsptn.png\" class=\"attachment-medium_large size-medium_large wp-image-43\" alt=\"Logo EEBA\" \/>\t\t\t\t\t\t\t\t\t\t\t\t\t\t\t<\/div>\n\t\t\t\t<\/div>\n\t\t<div class=\"elementor-element elementor-element-35dc7c8 e-con-full e-flex e-con e-child\" data-id=\"35dc7c8\" data-element_type=\"container\" data-e-type=\"container\" data-settings=\"{&quot;background_background&quot;:&quot;classic&quot;}\">\n\t\t\t\t<div class=\"elementor-element elementor-element-c6b0bc4 elementor-widget elementor-widget-heading\" data-id=\"c6b0bc4\" data-element_type=\"widget\" data-e-type=\"widget\" data-widget_type=\"heading.default\">\n\t\t\t\t<div class=\"elementor-widget-container\">\n\t\t\t\t\t<h3 class=\"elementor-heading-title elementor-size-default\">Enseignant(e)<br>en primaire francophone<br>remplacement - \u00e0 partir de mars 2026<\/h3>\t\t\t\t<\/div>\n\t\t\t\t<\/div>\n\t\t\t\t<div class=\"elementor-element elementor-element-a6233ad elementor-widget elementor-widget-text-editor\" data-id=\"a6233ad\" data-element_type=\"widget\" data-e-type=\"widget\" data-widget_type=\"text-editor.default\">\n\t\t\t\t<div class=\"elementor-widget-container\">\n\t\t\t\t\t\t\t\t\t<p>Nous recrutons un(e) <strong>enseignant(e) de primaire francophone <\/strong>pour un<strong> remplacement \u00e0 partir de mars 2026<\/strong><strong>.<\/strong><\/p><p><strong>Proc\u00e9dure de candidature <\/strong><br \/>Les candidats doivent envoyer\u00a0:<\/p><ul><li>un <strong>CV <\/strong>(comprenant <strong>au moins deux r\u00e9f\u00e9rences <\/strong>), et<\/li><li>une <strong>lettre de motivation <\/strong>\u00e0 <a href=\"mailto:jobs@eeba.be\"><strong>jobs@eeba.be<\/strong><\/a><\/li><\/ul><p><strong>Qualifications <\/strong><br \/>Conform\u00e9ment \u00e0 la r\u00e9glementation des \u00c9coles Europ\u00e9ennes, les enseignants doivent \u00eatre titulaires d&rsquo;un <strong>dipl\u00f4me d&rsquo;enseignement reconnu pour le niveau qu&rsquo;ils enseignent <\/strong>. <br \/>S&rsquo;agissant d&rsquo;une \u00e9cole internationale, ce dipl\u00f4me <strong>n&rsquo;a pas besoin d&rsquo;\u00eatre belge<\/strong>, mais il doit \u00eatre <strong>\u00e9quivalent aux qualifications requises dans les pays europ\u00e9ens<\/strong>.<\/p><p><strong>Description du poste : <\/strong><br \/>Les enseignants du primaire sont <strong>les enseignants titulaires <\/strong>et sont responsables de :<\/p><ul><li>dispenser le <strong>programme d&rsquo;enseignement primaire des <\/strong>\u00c9coles Europ\u00e9ennes,<\/li><li><strong>g\u00e9rer la classe <\/strong>et soutenir le d\u00e9veloppement scolaire et social des \u00e9l\u00e8ves,<\/li><li>maintenir <strong>une communication r\u00e9guli\u00e8re avec les parents<\/strong>, y compris les r\u00e9unions et le suivi, et<\/li><li>contribuer \u00e0 la vie \u00e9ducative globale de l&rsquo;\u00e9cole.<\/li><\/ul><p><strong>Exp\u00e9rience<\/strong><\/p><ul><li>Une exp\u00e9rience <strong>en tant qu&rsquo;enseignant(e) dans le primaire est pr\u00e9f\u00e9rable.<\/strong><\/li><li>Une exp\u00e9rience <strong>dans une \u00c9cole Europ\u00e9enne n&rsquo;est pas requise<\/strong>.<\/li><\/ul>\t\t\t\t\t\t\t\t<\/div>\n\t\t\t\t<\/div>\n\t\t\t\t<\/div>\n\t\t\t\t\t<\/div>\n\t\t\t\t<\/div>\n\t\t\t\t\t<\/div>\n\t\t\t\t<\/div>\n\t\t<div class=\"elementor-element elementor-element-a4c9d58 e-flex e-con-boxed e-con e-parent\" data-id=\"a4c9d58\" data-element_type=\"container\" data-e-type=\"container\">\n\t\t\t\t\t<div class=\"e-con-inner\">\n\t\t<div class=\"elementor-element elementor-element-6a995c5 e-flex e-con-boxed e-con e-child\" data-id=\"6a995c5\" data-element_type=\"container\" data-e-type=\"container\">\n\t\t\t\t\t<div class=\"e-con-inner\">\n\t\t\t\t<div class=\"elementor-element elementor-element-480d010 elementor-widget elementor-widget-image\" data-id=\"480d010\" data-element_type=\"widget\" data-e-type=\"widget\" data-widget_type=\"image.default\">\n\t\t\t\t<div class=\"elementor-widget-container\">\n\t\t\t\t\t\t\t\t\t\t\t\t\t\t\t<img decoding=\"async\" width=\"200\" height=\"109\" src=\"https:\/\/www.europeanschool.be\/wp-content\/uploads\/2023\/10\/logo1tsptn.png\" class=\"attachment-medium_large size-medium_large wp-image-43\" alt=\"Logo EEBA\" \/>\t\t\t\t\t\t\t\t\t\t\t\t\t\t\t<\/div>\n\t\t\t\t<\/div>\n\t\t<div class=\"elementor-element elementor-element-8527279 e-con-full e-flex e-con e-child\" data-id=\"8527279\" data-element_type=\"container\" data-e-type=\"container\" data-settings=\"{&quot;background_background&quot;:&quot;classic&quot;}\">\n\t\t\t\t<div class=\"elementor-element elementor-element-76e92b7 elementor-widget elementor-widget-heading\" data-id=\"76e92b7\" data-element_type=\"widget\" data-e-type=\"widget\" data-widget_type=\"heading.default\">\n\t\t\t\t<div class=\"elementor-widget-container\">\n\t\t\t\t\t<h3 class=\"elementor-heading-title elementor-size-default\">Enseignant(e) <br>en primaire francophone <br>Ann\u00e9e scolaire 2026-2027 <\/h3>\t\t\t\t<\/div>\n\t\t\t\t<\/div>\n\t\t\t\t<div class=\"elementor-element elementor-element-b24e227 elementor-widget elementor-widget-text-editor\" data-id=\"b24e227\" data-element_type=\"widget\" data-e-type=\"widget\" data-widget_type=\"text-editor.default\">\n\t\t\t\t<div class=\"elementor-widget-container\">\n\t\t\t\t\t\t\t\t\t<h4><em>(Possibilit\u00e9 de d\u00e9buter plus t\u00f4t)<\/em><\/h4><p>Nous recrutons un(e) <strong>enseignant(e) de primaire francophone <\/strong>pour <strong>l\u2019ann\u00e9e scolaire 2026-2027<\/strong>, avec possibilit\u00e9 de prise de fonction anticip\u00e9e.<\/p><p><strong>Proc\u00e9dure de candidature <\/strong><br \/>Les candidats doivent envoyer\u00a0:<\/p><ul><li>un <strong>CV <\/strong>(comprenant <strong>au moins deux r\u00e9f\u00e9rences <\/strong>), et<\/li><li>une <strong>lettre de motivation <\/strong>\u00e0 <a href=\"mailto:jobs@eeba.be\"><strong>jobs@eeba.be<\/strong><\/a><\/li><\/ul><p><strong>Qualifications <\/strong><br \/>Conform\u00e9ment \u00e0 la r\u00e9glementation des \u00c9coles Europ\u00e9ennes, les enseignants doivent \u00eatre titulaires d&rsquo;un <strong>dipl\u00f4me d&rsquo;enseignement reconnu pour le niveau qu&rsquo;ils enseignent <\/strong>. <br \/>S&rsquo;agissant d&rsquo;une \u00e9cole internationale, ce dipl\u00f4me <strong>n&rsquo;a pas besoin d&rsquo;\u00eatre belge<\/strong>, mais il doit \u00eatre <strong>\u00e9quivalent aux qualifications requises dans les pays europ\u00e9ens<\/strong>.<\/p><p><strong>Description du poste : <\/strong><br \/>Les enseignants du primaire sont <strong>les enseignants titulaires <\/strong>et sont responsables de :<\/p><ul><li>dispenser le <strong>programme d&rsquo;enseignement primaire des <\/strong>\u00c9coles Europ\u00e9ennes,<\/li><li><strong>g\u00e9rer la classe <\/strong>et soutenir le d\u00e9veloppement scolaire et social des \u00e9l\u00e8ves,<\/li><li>maintenir <strong>une communication r\u00e9guli\u00e8re avec les parents<\/strong>, y compris les r\u00e9unions et le suivi, et<\/li><li>contribuer \u00e0 la vie \u00e9ducative globale de l&rsquo;\u00e9cole.<\/li><\/ul><p><strong>Exp\u00e9rience<\/strong><\/p><ul><li>Une exp\u00e9rience <strong>en tant qu&rsquo;enseignant(e) dans le primaire est pr\u00e9f\u00e9rable.<\/strong><\/li><li>Une exp\u00e9rience <strong>dans une \u00c9cole Europ\u00e9enne n&rsquo;est pas requise<\/strong>.<\/li><\/ul>\t\t\t\t\t\t\t\t<\/div>\n\t\t\t\t<\/div>\n\t\t\t\t<\/div>\n\t\t\t\t\t<\/div>\n\t\t\t\t<\/div>\n\t\t\t\t\t<\/div>\n\t\t\t\t<\/div>\n\t\t<div class=\"elementor-element elementor-element-43426b2 e-flex e-con-boxed e-con e-parent\" data-id=\"43426b2\" data-element_type=\"container\" data-e-type=\"container\">\n\t\t\t\t\t<div class=\"e-con-inner\">\n\t\t<div class=\"elementor-element elementor-element-ee1d549 e-flex e-con-boxed e-con e-child\" data-id=\"ee1d549\" data-element_type=\"container\" data-e-type=\"container\">\n\t\t\t\t\t<div class=\"e-con-inner\">\n\t\t\t\t<div class=\"elementor-element elementor-element-b42e022 elementor-widget elementor-widget-image\" data-id=\"b42e022\" data-element_type=\"widget\" data-e-type=\"widget\" data-widget_type=\"image.default\">\n\t\t\t\t<div class=\"elementor-widget-container\">\n\t\t\t\t\t\t\t\t\t\t\t\t\t\t\t<img decoding=\"async\" width=\"200\" height=\"109\" src=\"https:\/\/www.europeanschool.be\/wp-content\/uploads\/2023\/10\/logo1tsptn.png\" class=\"attachment-medium_large size-medium_large wp-image-43\" alt=\"Logo EEBA\" \/>\t\t\t\t\t\t\t\t\t\t\t\t\t\t\t<\/div>\n\t\t\t\t<\/div>\n\t\t<div class=\"elementor-element elementor-element-1faece6 e-con-full e-flex e-con e-child\" data-id=\"1faece6\" data-element_type=\"container\" data-e-type=\"container\" data-settings=\"{&quot;background_background&quot;:&quot;classic&quot;}\">\n\t\t\t\t<div class=\"elementor-element elementor-element-4c200bc elementor-widget elementor-widget-heading\" data-id=\"4c200bc\" data-element_type=\"widget\" data-e-type=\"widget\" data-widget_type=\"heading.default\">\n\t\t\t\t<div class=\"elementor-widget-container\">\n\t\t\t\t\t<h3 class=\"elementor-heading-title elementor-size-default\">L1-English <br>Secondary Teacher<br>School Year 2026\u20132027 <\/h3>\t\t\t\t<\/div>\n\t\t\t\t<\/div>\n\t\t\t\t<div class=\"elementor-element elementor-element-8dc6713 elementor-widget elementor-widget-text-editor\" data-id=\"8dc6713\" data-element_type=\"widget\" data-e-type=\"widget\" data-widget_type=\"text-editor.default\">\n\t\t\t\t<div class=\"elementor-widget-container\">\n\t\t\t\t\t\t\t\t\t<p>Application<strong> process<\/strong><br \/>Candidates should send:<\/p><ul><li>a CV (including at least two references), and<\/li><li>a cover letter\u00a0at <a href=\"mailto:jobs@eeba.be\"><strong>jobs@eeba.be<\/strong><\/a><\/li><\/ul><p><strong>Qualifications<\/strong><\/p><p>In accordance with European School regulations, teachers must hold a recognized teaching qualification for the level they teach.<br \/>As an international school, the qualification does not need to be Belgian, but it must be equivalent to the qualifications required in European countries.<\/p><p><strong>Role description<\/strong><br \/>Secondary teachers are responsible for:<\/p><ul><li>delivering the European Schools\u2019 secondary and IB curriculum,<\/li><li>managing the class and supporting pupils\u2019 academic and social development,<\/li><li>maintaining regular communication with parents, including meetings and follow-up, and<\/li><li>contributing to the overall educational life of the school.<\/li><\/ul><p><strong>Experience<\/strong><\/p><ul><li>Previous experience as a teacher is preferred.<\/li><li>Experience in a European School is not required.<\/li><\/ul>\t\t\t\t\t\t\t\t<\/div>\n\t\t\t\t<\/div>\n\t\t\t\t<\/div>\n\t\t\t\t\t<\/div>\n\t\t\t\t<\/div>\n\t\t\t\t\t<\/div>\n\t\t\t\t<\/div>\n\t\t<div class=\"elementor-element elementor-element-f918225 e-flex e-con-boxed e-con e-parent\" data-id=\"f918225\" data-element_type=\"container\" data-e-type=\"container\">\n\t\t\t\t\t<div class=\"e-con-inner\">\n\t\t<div class=\"elementor-element elementor-element-e94b32f e-flex e-con-boxed e-con e-child\" data-id=\"e94b32f\" data-element_type=\"container\" data-e-type=\"container\">\n\t\t\t\t\t<div class=\"e-con-inner\">\n\t\t\t\t<div class=\"elementor-element elementor-element-32a5507 elementor-widget elementor-widget-image\" data-id=\"32a5507\" data-element_type=\"widget\" data-e-type=\"widget\" data-widget_type=\"image.default\">\n\t\t\t\t<div class=\"elementor-widget-container\">\n\t\t\t\t\t\t\t\t\t\t\t\t\t\t\t<img decoding=\"async\" width=\"200\" height=\"109\" src=\"https:\/\/www.europeanschool.be\/wp-content\/uploads\/2023\/10\/logo1tsptn.png\" class=\"attachment-medium_large size-medium_large wp-image-43\" alt=\"Logo EEBA\" \/>\t\t\t\t\t\t\t\t\t\t\t\t\t\t\t<\/div>\n\t\t\t\t<\/div>\n\t\t<div class=\"elementor-element elementor-element-e9848d4 e-con-full e-flex e-con e-child\" data-id=\"e9848d4\" data-element_type=\"container\" data-e-type=\"container\" data-settings=\"{&quot;background_background&quot;:&quot;classic&quot;}\">\n\t\t\t\t<div class=\"elementor-element elementor-element-495ae72 elementor-widget elementor-widget-heading\" data-id=\"495ae72\" data-element_type=\"widget\" data-e-type=\"widget\" data-widget_type=\"heading.default\">\n\t\t\t\t<div class=\"elementor-widget-container\">\n\t\t\t\t\t<h3 class=\"elementor-heading-title elementor-size-default\">Integrated Sciences<br>Secondary Teacher<br>School Year 2026\u20132027 <\/h3>\t\t\t\t<\/div>\n\t\t\t\t<\/div>\n\t\t\t\t<div class=\"elementor-element elementor-element-6f28bc1 elementor-widget elementor-widget-text-editor\" data-id=\"6f28bc1\" data-element_type=\"widget\" data-e-type=\"widget\" data-widget_type=\"text-editor.default\">\n\t\t\t\t<div class=\"elementor-widget-container\">\n\t\t\t\t\t\t\t\t\t<p>Application<strong> process<\/strong><br \/>Candidates should send:<\/p><ul><li>a CV (including at least two references), and<\/li><li>a cover letter\u00a0at <a href=\"mailto:jobs@eeba.be\"><strong>jobs@eeba.be<\/strong><\/a><\/li><\/ul><p><strong>Qualifications<\/strong><\/p><p>In accordance with European School regulations, teachers must hold a recognized teaching qualification for the level they teach.<br \/>As an international school, the qualification does not need to be Belgian, but it must be equivalent to the qualifications required in European countries.<\/p><p><strong>Role description<\/strong><br \/>Secondary teachers are responsible for:<\/p><ul><li>delivering the European Schools\u2019 secondary curriculum,<\/li><li>managing the class and supporting pupils\u2019 academic and social development,<\/li><li>maintaining regular communication with parents, including meetings and follow-up, and<\/li><li>contributing to the overall educational life of the school.<\/li><\/ul><p><strong>Experience<\/strong><\/p><ul><li>Previous experience as a teacher is preferred.<\/li><li>Experience in a European School is not required.<\/li><\/ul>\t\t\t\t\t\t\t\t<\/div>\n\t\t\t\t<\/div>\n\t\t\t\t<\/div>\n\t\t\t\t\t<\/div>\n\t\t\t\t<\/div>\n\t\t\t\t\t<\/div>\n\t\t\t\t<\/div>\n\t\t<div class=\"elementor-element elementor-element-f1cd324 e-flex e-con-boxed e-con e-parent\" data-id=\"f1cd324\" data-element_type=\"container\" data-e-type=\"container\">\n\t\t\t\t\t<div class=\"e-con-inner\">\n\t\t<div class=\"elementor-element elementor-element-2c4eb5a e-flex e-con-boxed e-con e-child\" data-id=\"2c4eb5a\" data-element_type=\"container\" data-e-type=\"container\">\n\t\t\t\t\t<div class=\"e-con-inner\">\n\t\t\t\t<div class=\"elementor-element elementor-element-0773ea7 elementor-widget elementor-widget-image\" data-id=\"0773ea7\" data-element_type=\"widget\" data-e-type=\"widget\" data-widget_type=\"image.default\">\n\t\t\t\t<div class=\"elementor-widget-container\">\n\t\t\t\t\t\t\t\t\t\t\t\t\t\t\t<img decoding=\"async\" width=\"200\" height=\"109\" src=\"https:\/\/www.europeanschool.be\/wp-content\/uploads\/2023\/10\/logo1tsptn.png\" class=\"attachment-medium_large size-medium_large wp-image-43\" alt=\"Logo EEBA\" \/>\t\t\t\t\t\t\t\t\t\t\t\t\t\t\t<\/div>\n\t\t\t\t<\/div>\n\t\t<div class=\"elementor-element elementor-element-8634ae8 e-con-full e-flex e-con e-child\" data-id=\"8634ae8\" data-element_type=\"container\" data-e-type=\"container\" data-settings=\"{&quot;background_background&quot;:&quot;classic&quot;}\">\n\t\t\t\t<div class=\"elementor-element elementor-element-2f1c2ca elementor-widget elementor-widget-heading\" data-id=\"2f1c2ca\" data-element_type=\"widget\" data-e-type=\"widget\" data-widget_type=\"heading.default\">\n\t\t\t\t<div class=\"elementor-widget-container\">\n\t\t\t\t\t<h3 class=\"elementor-heading-title elementor-size-default\">LATIN <br>PRIMARY &amp; Secondary Teacher<br>School Year 2026\u20132027 <\/h3>\t\t\t\t<\/div>\n\t\t\t\t<\/div>\n\t\t\t\t<div class=\"elementor-element elementor-element-899b57c elementor-widget elementor-widget-text-editor\" data-id=\"899b57c\" data-element_type=\"widget\" data-e-type=\"widget\" data-widget_type=\"text-editor.default\">\n\t\t\t\t<div class=\"elementor-widget-container\">\n\t\t\t\t\t\t\t\t\t<p>Application<strong> process<\/strong><br \/>Candidates should send:<\/p><ul><li>a CV (including at least two references), and<\/li><li>a cover letter\u00a0at <a href=\"mailto:jobs@eeba.be\"><strong>jobs@eeba.be<\/strong><\/a><\/li><\/ul><p><strong>Qualifications<\/strong><\/p><p>In accordance with European School regulations, teachers must hold a recognized teaching qualification for the level they teach.<br \/>As an international school, the qualification does not need to be Belgian, but it must be equivalent to the qualifications required in European countries.<\/p><p><strong>Role description<\/strong><br \/>Primary and Secondary teachers are responsible for:<\/p><ul><li>delivering the European Schools\u2019 curriculum,<\/li><li>managing the class and supporting pupils\u2019 academic and social development,<\/li><li>maintaining regular communication with parents, including meetings and follow-up, and<\/li><li>contributing to the overall educational life of the school.<\/li><\/ul><p><strong>Experience<\/strong><\/p><ul><li>Previous experience as a teacher is preferred.<\/li><li>Experience in a European School is not required.<\/li><\/ul>\t\t\t\t\t\t\t\t<\/div>\n\t\t\t\t<\/div>\n\t\t\t\t<\/div>\n\t\t\t\t\t<\/div>\n\t\t\t\t<\/div>\n\t\t\t\t\t<\/div>\n\t\t\t\t<\/div>\n\t\t\t\t<\/div>\n\t\t","protected":false},"excerpt":{"rendered":"<p>Offres d&#8217;emploi \u00e0 l&rsquo;\u00c9cole europ\u00e9enne : Rejoignez notre \u00e9quipe Nos opportunit\u00e9s de travail D\u00e9couvrez nos offres d&#8217;emploi \u00e0 l&rsquo;\u00c9cole europ\u00e9enne de Bruxelles-Argenteuil (EEBA). En tant qu&rsquo;\u00e9cole internationale de premier plan, nous sommes r\u00e9guli\u00e8rement \u00e0 la recherche de nouveaux talents pour enrichir notre \u00e9quipe p\u00e9dagogique. Si vous recherchez des offres d&#8217;emploi d&rsquo;enseignants \u00e0 Bruxelles ou des [&hellip;]<\/p>\n","protected":false},"author":1,"featured_media":0,"parent":0,"menu_order":0,"comment_status":"closed","ping_status":"closed","template":"","meta":{"_acf_changed":false,"footnotes":""},"class_list":["post-23","page","type-page","status-publish","hentry"],"acf":[],"_links":{"self":[{"href":"https:\/\/www.europeanschool.be\/fr\/wp-json\/wp\/v2\/pages\/23","targetHints":{"allow":["GET"]}}],"collection":[{"href":"https:\/\/www.europeanschool.be\/fr\/wp-json\/wp\/v2\/pages"}],"about":[{"href":"https:\/\/www.europeanschool.be\/fr\/wp-json\/wp\/v2\/types\/page"}],"author":[{"embeddable":true,"href":"https:\/\/www.europeanschool.be\/fr\/wp-json\/wp\/v2\/users\/1"}],"replies":[{"embeddable":true,"href":"https:\/\/www.europeanschool.be\/fr\/wp-json\/wp\/v2\/comments?post=23"}],"version-history":[{"count":174,"href":"https:\/\/www.europeanschool.be\/fr\/wp-json\/wp\/v2\/pages\/23\/revisions"}],"predecessor-version":[{"id":14616,"href":"https:\/\/www.europeanschool.be\/fr\/wp-json\/wp\/v2\/pages\/23\/revisions\/14616"}],"wp:attachment":[{"href":"https:\/\/www.europeanschool.be\/fr\/wp-json\/wp\/v2\/media?parent=23"}],"curies":[{"name":"wp","href":"https:\/\/api.w.org\/{rel}","templated":true}]}}