{"id":13396,"date":"2026-04-30T15:25:31","date_gmt":"2026-04-30T13:25:31","guid":{"rendered":"https:\/\/www.europeanschool.be\/?page_id=13396"},"modified":"2026-05-07T14:39:09","modified_gmt":"2026-05-07T12:39:09","slug":"blog","status":"publish","type":"page","link":"https:\/\/www.europeanschool.be\/fr\/blog\/","title":{"rendered":"Blog"},"content":{"rendered":"\t\t<div data-elementor-type=\"wp-page\" data-elementor-id=\"13396\" class=\"elementor elementor-13396\" data-elementor-post-type=\"page\">\n\t\t\t\t<div class=\"elementor-element elementor-element-f52495d e-con-full e-flex e-con e-parent\" data-id=\"f52495d\" data-element_type=\"container\" data-e-type=\"container\" data-settings=\"{&quot;background_background&quot;:&quot;classic&quot;}\">\n\t\t<div class=\"elementor-element elementor-element-bd59cf7 e-con-full e-flex e-con e-child\" data-id=\"bd59cf7\" data-element_type=\"container\" data-e-type=\"container\">\n\t\t<div class=\"elementor-element elementor-element-6d79704 e-flex e-con-boxed e-con e-child\" data-id=\"6d79704\" data-element_type=\"container\" data-e-type=\"container\">\n\t\t\t\t\t<div class=\"e-con-inner\">\n\t\t\t\t<div class=\"elementor-element elementor-element-04f629a elementor-widget elementor-widget-heading\" data-id=\"04f629a\" data-element_type=\"widget\" data-e-type=\"widget\" data-widget_type=\"heading.default\">\n\t\t\t\t<div class=\"elementor-widget-container\">\n\t\t\t\t\t<h2 class=\"elementor-heading-title elementor-size-default\">Blog<\/h2>\t\t\t\t<\/div>\n\t\t\t\t<\/div>\n\t\t\t\t\t<\/div>\n\t\t\t\t<\/div>\n\t\t<div class=\"elementor-element elementor-element-f327113 e-flex e-con-boxed e-con e-child\" data-id=\"f327113\" data-element_type=\"container\" data-e-type=\"container\">\n\t\t\t\t\t<div class=\"e-con-inner\">\n\t\t\t\t<div class=\"elementor-element elementor-element-1244b1c ariane elementor-widget elementor-widget-shortcode\" data-id=\"1244b1c\" data-element_type=\"widget\" data-e-type=\"widget\" data-widget_type=\"shortcode.default\">\n\t\t\t\t<div class=\"elementor-widget-container\">\n\t\t\t\t\t\t\t<div class=\"elementor-shortcode\"><nav aria-label=\"breadcrumbs\" class=\"rank-math-breadcrumb\"><p><span class=\"last\">Accueil<\/span><\/p><\/nav><\/div>\n\t\t\t\t\t\t<\/div>\n\t\t\t\t<\/div>\n\t\t\t\t\t<\/div>\n\t\t\t\t<\/div>\n\t\t\t\t<\/div>\n\t\t\t\t<\/div>\n\t\t<div class=\"elementor-element elementor-element-98dd32f e-flex e-con-boxed e-con e-parent\" data-id=\"98dd32f\" data-element_type=\"container\" data-e-type=\"container\">\n\t\t\t\t\t<div class=\"e-con-inner\">\n\t\t\t\t<div class=\"elementor-element elementor-element-fc34412 elementor-widget elementor-widget-taxonomy-filter\" data-id=\"fc34412\" data-element_type=\"widget\" data-e-type=\"widget\" data-settings=\"{&quot;taxonomy&quot;:&quot;category&quot;,&quot;selected_element&quot;:&quot;8fa019d&quot;,&quot;multiple_selection&quot;:&quot;no&quot;,&quot;horizontal_scroll&quot;:&quot;disable&quot;}\" data-widget_type=\"taxonomy-filter.default\">\n\t\t\t\t<div class=\"elementor-widget-container\">\n\t\t\t\t\t\t\t<search class=\"e-filter\" role=\"search\" data-base-url=\"https:\/\/www.europeanschool.be\/fr\/\" data-page-num=\"1\">\n\t\t\t\t\t\t\t<button class=\"e-filter-item\" data-filter=\"eco-school\" aria-pressed=\"false\">Eco School<\/button>\n\t\t\t\t\t\t\t<button class=\"e-filter-item\" data-filter=\"education\" aria-pressed=\"false\">Education<\/button>\n\t\t\t\t\t\t\t<button class=\"e-filter-item\" data-filter=\"school\" aria-pressed=\"false\">School<\/button>\n\t\t\t\n\t\t\t\t\t\t\t\t\t<button class=\"e-filter-item\" data-filter=\"__all\" aria-pressed=\"true\">\n\t\t\t\tAll\t\t\t<\/button>\n\t\t\t\t\t<\/search>\n\t\t\t\t\t\t<\/div>\n\t\t\t\t<\/div>\n\t\t\t\t<div class=\"elementor-element elementor-element-8fa019d elementor-grid-3 elementor-grid-tablet-2 elementor-grid-mobile-1 elementor-widget elementor-widget-loop-grid\" data-id=\"8fa019d\" data-element_type=\"widget\" data-e-type=\"widget\" data-settings=\"{&quot;template_id&quot;:13301,&quot;_skin&quot;:&quot;post&quot;,&quot;columns&quot;:&quot;3&quot;,&quot;columns_tablet&quot;:&quot;2&quot;,&quot;columns_mobile&quot;:&quot;1&quot;,&quot;edit_handle_selector&quot;:&quot;[data-elementor-type=\\&quot;loop-item\\&quot;]&quot;,&quot;row_gap&quot;:{&quot;unit&quot;:&quot;px&quot;,&quot;size&quot;:&quot;&quot;,&quot;sizes&quot;:[]},&quot;row_gap_tablet&quot;:{&quot;unit&quot;:&quot;px&quot;,&quot;size&quot;:&quot;&quot;,&quot;sizes&quot;:[]},&quot;row_gap_mobile&quot;:{&quot;unit&quot;:&quot;px&quot;,&quot;size&quot;:&quot;&quot;,&quot;sizes&quot;:[]}}\" data-widget_type=\"loop-grid.post\">\n\t\t\t\t<div class=\"elementor-widget-container\">\n\t\t\t\t\t\t\t<div class=\"elementor-loop-container elementor-grid\" role=\"list\">\n\t\t<style id=\"loop-dynamic-13301\">.e-loop-item-15793 .elementor-element.elementor-element-550e846f:not(.elementor-motion-effects-element-type-background), .e-loop-item-15793 .elementor-element.elementor-element-550e846f > .elementor-motion-effects-container > .elementor-motion-effects-layer{background-image:url(\"https:\/\/www.europeanschool.be\/wp-content\/uploads\/2026\/04\/educational-systems.jpg\");}<\/style><style id=\"loop-13301\">.elementor-13301 .elementor-element.elementor-element-550e846f{--display:flex;--flex-direction:column;--container-widget-width:calc( ( 1 - var( --container-widget-flex-grow ) ) * 100% );--container-widget-height:initial;--container-widget-flex-grow:0;--container-widget-align-self:initial;--flex-wrap-mobile:wrap;--justify-content:flex-end;--align-items:flex-start;--overlay-opacity:0.5;--border-radius:10px 10px 10px 10px;}.elementor-13301 .elementor-element.elementor-element-550e846f:not(.elementor-motion-effects-element-type-background), .elementor-13301 .elementor-element.elementor-element-550e846f > .elementor-motion-effects-container > .elementor-motion-effects-layer{background-position:center center;background-repeat:no-repeat;background-size:contain;}.elementor-13301 .elementor-element.elementor-element-550e846f::before, .elementor-13301 .elementor-element.elementor-element-550e846f > .elementor-background-video-container::before, .elementor-13301 .elementor-element.elementor-element-550e846f > .e-con-inner > .elementor-background-video-container::before, .elementor-13301 .elementor-element.elementor-element-550e846f > .elementor-background-slideshow::before, .elementor-13301 .elementor-element.elementor-element-550e846f > .e-con-inner > .elementor-background-slideshow::before, .elementor-13301 .elementor-element.elementor-element-550e846f > .elementor-motion-effects-container > .elementor-motion-effects-layer::before{--background-overlay:'';background-color:var( --e-global-color-secondary );}.elementor-13301 .elementor-element.elementor-element-550e846f:hover::before, .elementor-13301 .elementor-element.elementor-element-550e846f:hover > .elementor-background-video-container::before, .elementor-13301 .elementor-element.elementor-element-550e846f:hover > .e-con-inner > .elementor-background-video-container::before, .elementor-13301 .elementor-element.elementor-element-550e846f > .elementor-background-slideshow:hover::before, .elementor-13301 .elementor-element.elementor-element-550e846f > .e-con-inner > .elementor-background-slideshow:hover::before{--background-overlay:'';background-color:var( --e-global-color-text );}.elementor-13301 .elementor-element.elementor-element-550e846f:hover{--overlay-opacity:0.5;}.elementor-13301 .elementor-element.elementor-element-f279bbc{--display:flex;--min-height:300px;--justify-content:flex-end;}.elementor-widget-heading .elementor-heading-title{font-family:var( --e-global-typography-primary-font-family ), Sans-serif;font-weight:var( --e-global-typography-primary-font-weight );color:var( --e-global-color-primary );}.elementor-13301 .elementor-element.elementor-element-3a417cc{text-align:end;}.elementor-13301 .elementor-element.elementor-element-3a417cc .elementor-heading-title{font-family:\"Open Sans\", Sans-serif;font-size:20px;font-weight:500;color:var( --e-global-color-3719501 );}.elementor-13301 .elementor-element.elementor-element-3a417cc > .elementor-widget-container{padding:5px 5px 5px 5px;}.elementor-widget-theme-post-excerpt .elementor-widget-container{font-family:var( --e-global-typography-text-font-family ), Sans-serif;font-weight:var( --e-global-typography-text-font-weight );color:var( --e-global-color-text );}.elementor-13301 .elementor-element.elementor-element-609bd6a .elementor-widget-container{color:var( --e-global-color-3719501 );}.elementor-13301 .elementor-element.elementor-element-609bd6a > .elementor-widget-container{padding:5px 5px 5px 5px;}<\/style>\t\t<div data-elementor-type=\"loop-item\" data-elementor-id=\"13301\" class=\"elementor elementor-13301 e-loop-item e-loop-item-15793 post-15793 post type-post status-publish format-standard has-post-thumbnail hentry category-education category-school\" data-elementor-post-type=\"elementor_library\" data-custom-edit-handle=\"1\">\n\t\t\t<div class=\"elementor-element elementor-element-550e846f e-con-full e-flex e-con e-child\" data-id=\"550e846f\" data-element_type=\"container\" data-e-type=\"container\" data-settings=\"{&quot;background_background&quot;:&quot;classic&quot;}\">\n\t\t<a class=\"elementor-element elementor-element-f279bbc e-flex e-con-boxed e-con e-child\" data-id=\"f279bbc\" data-element_type=\"container\" data-e-type=\"container\" href=\"https:\/\/www.europeanschool.be\/fr\/apprendre-autrement-les-benefices-des-pedagogies-actives\/\">\n\t\t\t\t\t<div class=\"e-con-inner\">\n\t\t\t\t<div class=\"elementor-element elementor-element-3a417cc elementor-widget elementor-widget-heading\" data-id=\"3a417cc\" data-element_type=\"widget\" data-e-type=\"widget\" data-widget_type=\"heading.default\">\n\t\t\t\t<div class=\"elementor-widget-container\">\n\t\t\t\t\t<h2 class=\"elementor-heading-title elementor-size-default\">Apprendre autrement : les b\u00e9n\u00e9fices des p\u00e9dagogies actives<\/h2>\t\t\t\t<\/div>\n\t\t\t\t<\/div>\n\t\t\t\t\t<\/div>\n\t\t\t\t<\/a>\n\t\t\t\t<\/div>\n\t\t\t\t<\/div>\n\t\t<style id=\"loop-dynamic-13301\">.e-loop-item-15800 .elementor-element.elementor-element-550e846f:not(.elementor-motion-effects-element-type-background), .e-loop-item-15800 .elementor-element.elementor-element-550e846f > .elementor-motion-effects-container > .elementor-motion-effects-layer{background-image:url(\"https:\/\/www.europeanschool.be\/wp-content\/uploads\/2024\/01\/learner-profile-sticker-englishoptmized.webp\");}<\/style>\t\t<div data-elementor-type=\"loop-item\" data-elementor-id=\"13301\" class=\"elementor elementor-13301 e-loop-item e-loop-item-15800 post-15800 post type-post status-publish format-standard has-post-thumbnail hentry category-school\" data-elementor-post-type=\"elementor_library\" data-custom-edit-handle=\"1\">\n\t\t\t<div class=\"elementor-element elementor-element-550e846f e-con-full e-flex e-con e-child\" data-id=\"550e846f\" data-element_type=\"container\" data-e-type=\"container\" data-settings=\"{&quot;background_background&quot;:&quot;classic&quot;}\">\n\t\t<a class=\"elementor-element elementor-element-f279bbc e-flex e-con-boxed e-con e-child\" data-id=\"f279bbc\" data-element_type=\"container\" data-e-type=\"container\" href=\"https:\/\/www.europeanschool.be\/fr\/understanding-equivalences-between-educational-systems\/\">\n\t\t\t\t\t<div class=\"e-con-inner\">\n\t\t\t\t<div class=\"elementor-element elementor-element-3a417cc elementor-widget elementor-widget-heading\" data-id=\"3a417cc\" data-element_type=\"widget\" data-e-type=\"widget\" data-widget_type=\"heading.default\">\n\t\t\t\t<div class=\"elementor-widget-container\">\n\t\t\t\t\t<h2 class=\"elementor-heading-title elementor-size-default\">Navigating Excellence: Understanding the Differences Between IB and EB<\/h2>\t\t\t\t<\/div>\n\t\t\t\t<\/div>\n\t\t\t\t\t<\/div>\n\t\t\t\t<\/a>\n\t\t\t\t<\/div>\n\t\t\t\t<\/div>\n\t\t<style id=\"loop-dynamic-13301\">.e-loop-item-15784 .elementor-element.elementor-element-550e846f:not(.elementor-motion-effects-element-type-background), .e-loop-item-15784 .elementor-element.elementor-element-550e846f > .elementor-motion-effects-container > .elementor-motion-effects-layer{background-image:url(\"https:\/\/www.europeanschool.be\/wp-content\/uploads\/2026\/01\/eco.jpg\");}<\/style>\t\t<div data-elementor-type=\"loop-item\" data-elementor-id=\"13301\" class=\"elementor elementor-13301 e-loop-item e-loop-item-15784 post-15784 post type-post status-publish format-standard has-post-thumbnail hentry category-eco-school category-school\" data-elementor-post-type=\"elementor_library\" data-custom-edit-handle=\"1\">\n\t\t\t<div class=\"elementor-element elementor-element-550e846f e-con-full e-flex e-con e-child\" data-id=\"550e846f\" data-element_type=\"container\" data-e-type=\"container\" data-settings=\"{&quot;background_background&quot;:&quot;classic&quot;}\">\n\t\t<a class=\"elementor-element elementor-element-f279bbc e-flex e-con-boxed e-con e-child\" data-id=\"f279bbc\" data-element_type=\"container\" data-e-type=\"container\" href=\"https:\/\/www.europeanschool.be\/fr\/eco-schools-the-global-standard-of-excellence-in-sustainability-education\/\">\n\t\t\t\t\t<div class=\"e-con-inner\">\n\t\t\t\t<div class=\"elementor-element elementor-element-3a417cc elementor-widget elementor-widget-heading\" data-id=\"3a417cc\" data-element_type=\"widget\" data-e-type=\"widget\" data-widget_type=\"heading.default\">\n\t\t\t\t<div class=\"elementor-widget-container\">\n\t\t\t\t\t<h2 class=\"elementor-heading-title elementor-size-default\">Eco-Schools: the global standard of excellence in sustainability education<\/h2>\t\t\t\t<\/div>\n\t\t\t\t<\/div>\n\t\t\t\t\t<\/div>\n\t\t\t\t<\/a>\n\t\t\t\t<\/div>\n\t\t\t\t<\/div>\n\t\t<style id=\"loop-dynamic-13301\">.e-loop-item-14977 .elementor-element.elementor-element-550e846f:not(.elementor-motion-effects-element-type-background), .e-loop-item-14977 .elementor-element.elementor-element-550e846f > .elementor-motion-effects-container > .elementor-motion-effects-layer{background-image:url(\"https:\/\/www.europeanschool.be\/wp-content\/uploads\/2026\/04\/20192711_Utopix_Synapse_ecole_MaximeIMG_36-scaled.jpg\");}<\/style>\t\t<div data-elementor-type=\"loop-item\" data-elementor-id=\"13301\" class=\"elementor elementor-13301 e-loop-item e-loop-item-14977 post-14977 post type-post status-publish format-standard has-post-thumbnail hentry category-education category-school\" data-elementor-post-type=\"elementor_library\" data-custom-edit-handle=\"1\">\n\t\t\t<div class=\"elementor-element elementor-element-550e846f e-con-full e-flex e-con e-child\" data-id=\"550e846f\" data-element_type=\"container\" data-e-type=\"container\" data-settings=\"{&quot;background_background&quot;:&quot;classic&quot;}\">\n\t\t<a class=\"elementor-element elementor-element-f279bbc e-flex e-con-boxed e-con e-child\" data-id=\"f279bbc\" data-element_type=\"container\" data-e-type=\"container\" href=\"https:\/\/www.europeanschool.be\/fr\/understanding-equivalences-between-educational-systems-2\/\">\n\t\t\t\t\t<div class=\"e-con-inner\">\n\t\t\t\t<div class=\"elementor-element elementor-element-3a417cc elementor-widget elementor-widget-heading\" data-id=\"3a417cc\" data-element_type=\"widget\" data-e-type=\"widget\" data-widget_type=\"heading.default\">\n\t\t\t\t<div class=\"elementor-widget-container\">\n\t\t\t\t\t<h2 class=\"elementor-heading-title elementor-size-default\">Understanding Equivalences Between Educational Systems<\/h2>\t\t\t\t<\/div>\n\t\t\t\t<\/div>\n\t\t\t\t\t<\/div>\n\t\t\t\t<\/a>\n\t\t\t\t<\/div>\n\t\t\t\t<\/div>\n\t\t\t\t<\/div>\n\t\t\n\t\t\t\t\t\t<\/div>\n\t\t\t\t<\/div>\n\t\t\t\t\t<\/div>\n\t\t\t\t<\/div>\n\t\t\t\t<\/div>\n\t\t","protected":false},"excerpt":{"rendered":"<p>Blog Education School All<\/p>\n","protected":false},"author":1,"featured_media":0,"parent":0,"menu_order":0,"comment_status":"closed","ping_status":"closed","template":"","meta":{"_acf_changed":false,"footnotes":""},"class_list":["post-13396","page","type-page","status-publish","hentry"],"acf":[],"_links":{"self":[{"href":"https:\/\/www.europeanschool.be\/fr\/wp-json\/wp\/v2\/pages\/13396","targetHints":{"allow":["GET"]}}],"collection":[{"href":"https:\/\/www.europeanschool.be\/fr\/wp-json\/wp\/v2\/pages"}],"about":[{"href":"https:\/\/www.europeanschool.be\/fr\/wp-json\/wp\/v2\/types\/page"}],"author":[{"embeddable":true,"href":"https:\/\/www.europeanschool.be\/fr\/wp-json\/wp\/v2\/users\/1"}],"replies":[{"embeddable":true,"href":"https:\/\/www.europeanschool.be\/fr\/wp-json\/wp\/v2\/comments?post=13396"}],"version-history":[{"count":26,"href":"https:\/\/www.europeanschool.be\/fr\/wp-json\/wp\/v2\/pages\/13396\/revisions"}],"predecessor-version":[{"id":15864,"href":"https:\/\/www.europeanschool.be\/fr\/wp-json\/wp\/v2\/pages\/13396\/revisions\/15864"}],"wp:attachment":[{"href":"https:\/\/www.europeanschool.be\/fr\/wp-json\/wp\/v2\/media?parent=13396"}],"curies":[{"name":"wp","href":"https:\/\/api.w.org\/{rel}","templated":true}]}}